{"id":44,"date":"2025-08-04T11:12:44","date_gmt":"2025-08-04T11:12:44","guid":{"rendered":"https:\/\/bioexcellencesymposium.ro\/?page_id=44"},"modified":"2025-08-05T09:33:40","modified_gmt":"2025-08-05T09:33:40","slug":"defining-excellencetransforming-care-new","status":"publish","type":"page","link":"https:\/\/bioexcellencesymposium.ro\/en\/","title":{"rendered":"Defining excellence transforming care!"},"content":{"rendered":"","protected":false},"excerpt":{"rendered":"","protected":false},"author":1,"featured_media":0,"parent":0,"menu_order":0,"comment_status":"closed","ping_status":"closed","template":"page-templates\/home-new.php","meta":{"footnotes":""},"class_list":["post-44","page","type-page","status-publish","hentry"],"yoast_head":"<!-- This site is optimized with the Yoast SEO plugin v25.6 - https:\/\/yoast.com\/wordpress\/plugins\/seo\/ -->\n<title>Defining excellence transforming care! - Geistlich<\/title>\n<meta name=\"description\" content=\"Nu rata evenimentul de referin\u021b\u0103 \u00een domeniul regener\u0103rii oasoase \u0219i tisulare, marca Geistlich, cu invita\u021bi de top \u00een industrie.\" \/>\n<meta name=\"robots\" content=\"index, follow, max-snippet:-1, max-image-preview:large, max-video-preview:-1\" \/>\n<link rel=\"canonical\" href=\"https:\/\/bioexcellencesymposium.ro\/en\/\" \/>\n<meta property=\"og:locale\" content=\"en_US\" \/>\n<meta property=\"og:type\" content=\"article\" \/>\n<meta property=\"og:title\" content=\"Defining excellence transforming care! - Geistlich\" \/>\n<meta property=\"og:description\" content=\"Nu rata evenimentul de referin\u021b\u0103 \u00een domeniul regener\u0103rii oasoase \u0219i tisulare, marca Geistlich, cu invita\u021bi de top \u00een industrie.\" \/>\n<meta property=\"og:url\" content=\"https:\/\/bioexcellencesymposium.ro\/en\/\" \/>\n<meta property=\"og:site_name\" content=\"Geistlich\" \/>\n<meta property=\"article:modified_time\" content=\"2025-08-05T09:33:40+00:00\" \/>\n<meta property=\"og:image\" content=\"https:\/\/bioexcellencesymposium.ro\/wp-content\/uploads\/2025\/03\/og_image.png\" \/>\n\t<meta property=\"og:image:width\" content=\"1200\" \/>\n\t<meta property=\"og:image:height\" content=\"630\" \/>\n\t<meta property=\"og:image:type\" content=\"image\/png\" \/>\n<meta name=\"twitter:card\" content=\"summary_large_image\" \/>\n<script type=\"application\/ld+json\" class=\"yoast-schema-graph\">{\"@context\":\"https:\/\/schema.org\",\"@graph\":[{\"@type\":\"WebPage\",\"@id\":\"https:\/\/bioexcellencesymposium.ro\/\",\"url\":\"https:\/\/bioexcellencesymposium.ro\/\",\"name\":\"Defining excellence transforming care! - Geistlich\",\"isPartOf\":{\"@id\":\"https:\/\/bioexcellencesymposium.ro\/#website\"},\"datePublished\":\"2025-08-04T11:12:44+00:00\",\"dateModified\":\"2025-08-05T09:33:40+00:00\",\"description\":\"Nu rata evenimentul de referin\u021b\u0103 \u00een domeniul regener\u0103rii oasoase \u0219i tisulare, marca Geistlich, cu invita\u021bi de top \u00een industrie.\",\"breadcrumb\":{\"@id\":\"https:\/\/bioexcellencesymposium.ro\/#breadcrumb\"},\"inLanguage\":\"en-US\",\"potentialAction\":[{\"@type\":\"ReadAction\",\"target\":[\"https:\/\/bioexcellencesymposium.ro\/\"]}]},{\"@type\":\"BreadcrumbList\",\"@id\":\"https:\/\/bioexcellencesymposium.ro\/#breadcrumb\",\"itemListElement\":[{\"@type\":\"ListItem\",\"position\":1,\"name\":\"Prima pagin\u0103\",\"item\":\"https:\/\/bioexcellencesymposium.ro\/\"},{\"@type\":\"ListItem\",\"position\":2,\"name\":\"Defining excellence transforming care!\"}]},{\"@type\":\"WebSite\",\"@id\":\"https:\/\/bioexcellencesymposium.ro\/#website\",\"url\":\"https:\/\/bioexcellencesymposium.ro\/\",\"name\":\"Geistlich\",\"description\":\"Defining excellence, transforming care!\",\"potentialAction\":[{\"@type\":\"SearchAction\",\"target\":{\"@type\":\"EntryPoint\",\"urlTemplate\":\"https:\/\/bioexcellencesymposium.ro\/?s={search_term_string}\"},\"query-input\":{\"@type\":\"PropertyValueSpecification\",\"valueRequired\":true,\"valueName\":\"search_term_string\"}}],\"inLanguage\":\"en-US\"}]}<\/script>\n<!-- \/ Yoast SEO plugin. -->","yoast_head_json":{"title":"Defining excellence transforming care! - Geistlich","description":"Nu rata evenimentul de referin\u021b\u0103 \u00een domeniul regener\u0103rii oasoase \u0219i tisulare, marca Geistlich, cu invita\u021bi de top \u00een industrie.","robots":{"index":"index","follow":"follow","max-snippet":"max-snippet:-1","max-image-preview":"max-image-preview:large","max-video-preview":"max-video-preview:-1"},"canonical":"https:\/\/bioexcellencesymposium.ro\/en\/","og_locale":"en_US","og_type":"article","og_title":"Defining excellence transforming care! - Geistlich","og_description":"Nu rata evenimentul de referin\u021b\u0103 \u00een domeniul regener\u0103rii oasoase \u0219i tisulare, marca Geistlich, cu invita\u021bi de top \u00een industrie.","og_url":"https:\/\/bioexcellencesymposium.ro\/en\/","og_site_name":"Geistlich","article_modified_time":"2025-08-05T09:33:40+00:00","og_image":[{"width":1200,"height":630,"url":"https:\/\/bioexcellencesymposium.ro\/wp-content\/uploads\/2025\/03\/og_image.png","type":"image\/png"}],"twitter_card":"summary_large_image","schema":{"@context":"https:\/\/schema.org","@graph":[{"@type":"WebPage","@id":"https:\/\/bioexcellencesymposium.ro\/","url":"https:\/\/bioexcellencesymposium.ro\/","name":"Defining excellence transforming care! - Geistlich","isPartOf":{"@id":"https:\/\/bioexcellencesymposium.ro\/#website"},"datePublished":"2025-08-04T11:12:44+00:00","dateModified":"2025-08-05T09:33:40+00:00","description":"Nu rata evenimentul de referin\u021b\u0103 \u00een domeniul regener\u0103rii oasoase \u0219i tisulare, marca Geistlich, cu invita\u021bi de top \u00een industrie.","breadcrumb":{"@id":"https:\/\/bioexcellencesymposium.ro\/#breadcrumb"},"inLanguage":"en-US","potentialAction":[{"@type":"ReadAction","target":["https:\/\/bioexcellencesymposium.ro\/"]}]},{"@type":"BreadcrumbList","@id":"https:\/\/bioexcellencesymposium.ro\/#breadcrumb","itemListElement":[{"@type":"ListItem","position":1,"name":"Prima pagin\u0103","item":"https:\/\/bioexcellencesymposium.ro\/"},{"@type":"ListItem","position":2,"name":"Defining excellence transforming care!"}]},{"@type":"WebSite","@id":"https:\/\/bioexcellencesymposium.ro\/#website","url":"https:\/\/bioexcellencesymposium.ro\/","name":"Geistlich","description":"Defining excellence, transforming care!","potentialAction":[{"@type":"SearchAction","target":{"@type":"EntryPoint","urlTemplate":"https:\/\/bioexcellencesymposium.ro\/?s={search_term_string}"},"query-input":{"@type":"PropertyValueSpecification","valueRequired":true,"valueName":"search_term_string"}}],"inLanguage":"en-US"}]}},"_links":{"self":[{"href":"https:\/\/bioexcellencesymposium.ro\/en\/wp-json\/wp\/v2\/pages\/44","targetHints":{"allow":["GET"]}}],"collection":[{"href":"https:\/\/bioexcellencesymposium.ro\/en\/wp-json\/wp\/v2\/pages"}],"about":[{"href":"https:\/\/bioexcellencesymposium.ro\/en\/wp-json\/wp\/v2\/types\/page"}],"author":[{"embeddable":true,"href":"https:\/\/bioexcellencesymposium.ro\/en\/wp-json\/wp\/v2\/users\/1"}],"replies":[{"embeddable":true,"href":"https:\/\/bioexcellencesymposium.ro\/en\/wp-json\/wp\/v2\/comments?post=44"}],"version-history":[{"count":3,"href":"https:\/\/bioexcellencesymposium.ro\/en\/wp-json\/wp\/v2\/pages\/44\/revisions"}],"predecessor-version":[{"id":48,"href":"https:\/\/bioexcellencesymposium.ro\/en\/wp-json\/wp\/v2\/pages\/44\/revisions\/48"}],"wp:attachment":[{"href":"https:\/\/bioexcellencesymposium.ro\/en\/wp-json\/wp\/v2\/media?parent=44"}],"curies":[{"name":"wp","href":"https:\/\/api.w.org\/{rel}","templated":true}]}}